{"id":97,"date":"2024-01-25T16:02:51","date_gmt":"2024-01-25T16:02:51","guid":{"rendered":"https:\/\/grupaprofizjo.pl\/?page_id=97"},"modified":"2024-02-26T10:10:46","modified_gmt":"2024-02-26T10:10:46","slug":"filip-rewucki","status":"publish","type":"page","link":"https:\/\/grupaprofizjo.pl\/?page_id=97","title":{"rendered":"Filip Rewucki"},"content":{"rendered":"\n<h1 class=\"wp-block-heading\"><\/h1>\n\n\n<div class=\"wp-block-image\">\n<figure class=\"alignleft size-full is-resized\"><img fetchpriority=\"high\" decoding=\"async\" width=\"1707\" height=\"2560\" src=\"https:\/\/grupaprofizjo.pl\/wp-content\/uploads\/2024\/01\/Michal-Urban07459-1-scaled.jpg\" alt=\"\" class=\"wp-image-54\" style=\"width:367px;height:auto\" srcset=\"https:\/\/grupaprofizjo.pl\/wp-content\/uploads\/2024\/01\/Michal-Urban07459-1-scaled.jpg 1707w, https:\/\/grupaprofizjo.pl\/wp-content\/uploads\/2024\/01\/Michal-Urban07459-1-200x300.jpg 200w, https:\/\/grupaprofizjo.pl\/wp-content\/uploads\/2024\/01\/Michal-Urban07459-1-683x1024.jpg 683w, https:\/\/grupaprofizjo.pl\/wp-content\/uploads\/2024\/01\/Michal-Urban07459-1-768x1152.jpg 768w, https:\/\/grupaprofizjo.pl\/wp-content\/uploads\/2024\/01\/Michal-Urban07459-1-1024x1536.jpg 1024w, https:\/\/grupaprofizjo.pl\/wp-content\/uploads\/2024\/01\/Michal-Urban07459-1-1365x2048.jpg 1365w\" sizes=\"(max-width: 1707px) 100vw, 1707px\" \/><\/figure>\n<\/div>\n\n\n<p>Filip Rewucki uko\u0144czy\u0142 studia magisterskie z fizjoterapii na Wydziale Nauk o Zdrowiu Uniwersytetu Opolskiego.<\/p>\n\n\n\n<p>Pracuj\u0105c z klientem bierze pod uwag\u0119 fakt, \u017ce ka\u017cdy organizm jest systemem z\u0142o\u017conym z cia\u0142a oraz psychiki, kt\u00f3re ci\u0105gle na siebie oddzia\u0142ywaj\u0105.<\/p>\n\n\n\n<p>Uczestniczy\u0142 w wielu szkoleniach z terapii manualnej oraz terapii ruchem.<\/p>\n\n\n\n<p>W pracy wykorzystuje metod\u0119 Zoga Movement, czyli \u201cnajm\u0142odsze dziecko \u015bwiata integracji strukturalnej\u201d \u0142\u0105cz\u0105c\u0105 jego interwencje manualne z ruchem klienta. W ten spos\u00f3b osi\u0105ga zmian\u0119 w strukturze oraz w ruchu podczas swojej terapii.<\/p>\n\n\n\n<p>Bra\u0142 r\u00f3wnie\u017c udzia\u0142 w szkoleniach z psychosomatyki, co da\u0142o mu narz\u0119dzia do wspomagania klient\u00f3w w pracy z ich pod\u015bwiadomo\u015bci\u0105, emocjami czy du\u017cym stresem.<\/p>\n\n\n\n<p>\u0141\u0105cz\u0105c t\u0105 wiedz\u0119 podczas terapii mo\u017ce uzyskiwa\u0107 efekty na wielu p\u0142aszczyznach, od czysto fizycznych dolegliwo\u015bci po te, pochodz\u0105ce z szeroko poj\u0119tego stresu.<\/p>\n\n\n\n<p>Jego celem poza leczeniem jest r\u00f3wnie\u017c edukacja w zakresie dbania o w\u0142asne cia\u0142o oraz o prawid\u0142owe samopoczucie.<\/p>\n\n\n\n<p>Profesjonalne podej\u015bcie i zaanga\u017cowanie s\u0105 czym\u015b na co mo\u017cna liczy\u0107 wsp\u00f3\u0142pracuj\u0105c z nim.<\/p>\n","protected":false},"excerpt":{"rendered":"<p>Filip Rewucki uko\u0144czy\u0142 studia magisterskie z fizjoterapii na Wydziale Nauk o Zdrowiu Uniwersytetu Opolskiego. Pracuj\u0105c z klientem bierze pod uwag\u0119 fakt, \u017ce ka\u017cdy organizm jest systemem z\u0142o\u017conym z cia\u0142a oraz psychiki, kt\u00f3re ci\u0105gle na siebie oddzia\u0142ywaj\u0105. Uczestniczy\u0142 w wielu szkoleniach z terapii manualnej oraz terapii ruchem. W pracy wykorzystuje metod\u0119 Zoga Movement, czyli \u201cnajm\u0142odsze dziecko [&hellip;]<\/p>\n","protected":false},"author":2,"featured_media":0,"parent":0,"menu_order":0,"comment_status":"closed","ping_status":"closed","template":"","meta":{"saved_in_kubio":false,"_monsterinsights_skip_tracking":false,"_monsterinsights_sitenote_active":false,"_monsterinsights_sitenote_note":"","_monsterinsights_sitenote_category":0,"footnotes":""},"class_list":["post-97","page","type-page","status-publish","hentry"],"kubio_ai_page_context":{"short_desc":"","purpose":"general"},"_links":{"self":[{"href":"https:\/\/grupaprofizjo.pl\/index.php?rest_route=\/wp\/v2\/pages\/97","targetHints":{"allow":["GET"]}}],"collection":[{"href":"https:\/\/grupaprofizjo.pl\/index.php?rest_route=\/wp\/v2\/pages"}],"about":[{"href":"https:\/\/grupaprofizjo.pl\/index.php?rest_route=\/wp\/v2\/types\/page"}],"author":[{"embeddable":true,"href":"https:\/\/grupaprofizjo.pl\/index.php?rest_route=\/wp\/v2\/users\/2"}],"replies":[{"embeddable":true,"href":"https:\/\/grupaprofizjo.pl\/index.php?rest_route=%2Fwp%2Fv2%2Fcomments&post=97"}],"version-history":[{"count":5,"href":"https:\/\/grupaprofizjo.pl\/index.php?rest_route=\/wp\/v2\/pages\/97\/revisions"}],"predecessor-version":[{"id":409,"href":"https:\/\/grupaprofizjo.pl\/index.php?rest_route=\/wp\/v2\/pages\/97\/revisions\/409"}],"wp:attachment":[{"href":"https:\/\/grupaprofizjo.pl\/index.php?rest_route=%2Fwp%2Fv2%2Fmedia&parent=97"}],"curies":[{"name":"wp","href":"https:\/\/api.w.org\/{rel}","templated":true}]}}