{"id":95,"date":"2024-01-25T15:54:27","date_gmt":"2024-01-25T15:54:27","guid":{"rendered":"https:\/\/grupaprofizjo.pl\/?page_id=95"},"modified":"2024-02-26T10:11:39","modified_gmt":"2024-02-26T10:11:39","slug":"oliwia-koszela","status":"publish","type":"page","link":"https:\/\/grupaprofizjo.pl\/?page_id=95","title":{"rendered":"Oliwia Koszela"},"content":{"rendered":"\n<h1 class=\"wp-block-heading\"><\/h1>\n\n\n<div class=\"wp-block-image\">\n<figure class=\"alignleft size-full is-resized\"><img fetchpriority=\"high\" decoding=\"async\" width=\"1706\" height=\"2560\" src=\"https:\/\/grupaprofizjo.pl\/wp-content\/uploads\/2024\/01\/Michal-Urban07204-1-scaled.jpg\" alt=\"\" class=\"wp-image-53\" style=\"width:338px;height:auto\" srcset=\"https:\/\/grupaprofizjo.pl\/wp-content\/uploads\/2024\/01\/Michal-Urban07204-1-scaled.jpg 1706w, https:\/\/grupaprofizjo.pl\/wp-content\/uploads\/2024\/01\/Michal-Urban07204-1-200x300.jpg 200w, https:\/\/grupaprofizjo.pl\/wp-content\/uploads\/2024\/01\/Michal-Urban07204-1-682x1024.jpg 682w, https:\/\/grupaprofizjo.pl\/wp-content\/uploads\/2024\/01\/Michal-Urban07204-1-768x1152.jpg 768w, https:\/\/grupaprofizjo.pl\/wp-content\/uploads\/2024\/01\/Michal-Urban07204-1-1024x1536.jpg 1024w, https:\/\/grupaprofizjo.pl\/wp-content\/uploads\/2024\/01\/Michal-Urban07204-1-1365x2048.jpg 1365w\" sizes=\"(max-width: 1706px) 100vw, 1706px\" \/><\/figure>\n<\/div>\n\n\n<p>Oliwia Koszela, absolwentka renomowanej Politechniki Opolskiej na wydziale Wychowanie Fizyczne i Fizjoterapia, to niezwyk\u0142a jednostka, kt\u00f3rej pasja do terapii manualnej sprawia, \u017ce przekracza granice mo\u017cliwo\u015bci.<\/p>\n\n\n\n<p>Zanurzona w \u015bwiecie ci\u0105g\u0142ego doskonalenia, Oliwia nieustannie uczestniczy w licznych szkoleniach, poszerzaj\u0105c swoje umiej\u0119tno\u015bci i zdobywaj\u0105c wiedz\u0119, kt\u00f3ra staje si\u0119 fundamentem jej skutecznej praktyki. Jej autorskie techniki, rozwijane pod czujnym okiem Micha\u0142a Urbana, nie tylko podnosz\u0105 jej kwalifikacje, ale tak\u017ce stanowi\u0105 unikalny wk\u0142ad w dziedzin\u0119 fizjoterapii.<\/p>\n\n\n\n<p>Wsp\u00f3\u0142pracuj\u0105c z AZS Politechnik\u0105 Opolsk\u0105 jako fizjoterapeutka zespo\u0142u koszykarzy, Oliwia Koszela emanuje bystro\u015bci\u0105, energi\u0105 i pomoc\u0105. Cho\u0107 na pierwszy rzut oka mo\u017ce wydawa\u0107 si\u0119 niepozorna, to jej si\u0142a tkwi w umiej\u0119tno\u015bci niesienia pomocy i ulgi w trudnych sytuacjach.<\/p>\n\n\n\n<p>W pracy jest prawdziw\u0105 alchemiczk\u0105, potrafi\u0105c\u0105 zamienia\u0107 niemo\u017cliwe w mo\u017cliwe. Odzyskanie sprawno\u015bci pacjent\u00f3w oraz wdzi\u0119czno\u015b\u0107 w ich oczach stanowi\u0105 dla niej nie tylko satysfakcj\u0119, lecz r\u00f3wnie\u017c ogromn\u0105 motywacj\u0119 do dalszej pracy.<\/p>\n\n\n\n<p>Po godzinach Oliwia anga\u017cuje si\u0119 w pasje, kt\u00f3re dodatkowo podkre\u015blaj\u0105 jej wszechstronno\u015b\u0107. Gra w tenisa, pasja do koszyk\u00f3wki, a tak\u017ce zaj\u0119cia jako fotografka i malarka to obszary, w kt\u00f3rych realizuje si\u0119 artystycznie. Czas na z\u0142apanie oddechu znajduje r\u00f3wnie\u017c w lekturze ksi\u0105\u017cek z dziedziny rozwoju osobistego.<\/p>\n\n\n\n<p>Oliwia Koszela to nie tylko fizjoterapeutka, lecz prawdziwa pasjonatka, kt\u00f3rej dzia\u0142ania zmieniaj\u0105 \u017cycia innych, a jej osobowo\u015b\u0107 stanowi inspiracj\u0119 dla wszystkich, kt\u00f3rzy d\u0105\u017c\u0105 do doskona\u0142o\u015bci i nieustannego rozwoju.<\/p>\n","protected":false},"excerpt":{"rendered":"<p>Oliwia Koszela, absolwentka renomowanej Politechniki Opolskiej na wydziale Wychowanie Fizyczne i Fizjoterapia, to niezwyk\u0142a jednostka, kt\u00f3rej pasja do terapii manualnej sprawia, \u017ce przekracza granice mo\u017cliwo\u015bci. Zanurzona w \u015bwiecie ci\u0105g\u0142ego doskonalenia, Oliwia nieustannie uczestniczy w licznych szkoleniach, poszerzaj\u0105c swoje umiej\u0119tno\u015bci i zdobywaj\u0105c wiedz\u0119, kt\u00f3ra staje si\u0119 fundamentem jej skutecznej praktyki. Jej autorskie techniki, rozwijane pod czujnym [&hellip;]<\/p>\n","protected":false},"author":2,"featured_media":0,"parent":0,"menu_order":0,"comment_status":"closed","ping_status":"closed","template":"","meta":{"saved_in_kubio":false,"_monsterinsights_skip_tracking":false,"_monsterinsights_sitenote_active":false,"_monsterinsights_sitenote_note":"","_monsterinsights_sitenote_category":0,"footnotes":""},"class_list":["post-95","page","type-page","status-publish","hentry"],"kubio_ai_page_context":{"short_desc":"","purpose":"general"},"_links":{"self":[{"href":"https:\/\/grupaprofizjo.pl\/index.php?rest_route=\/wp\/v2\/pages\/95","targetHints":{"allow":["GET"]}}],"collection":[{"href":"https:\/\/grupaprofizjo.pl\/index.php?rest_route=\/wp\/v2\/pages"}],"about":[{"href":"https:\/\/grupaprofizjo.pl\/index.php?rest_route=\/wp\/v2\/types\/page"}],"author":[{"embeddable":true,"href":"https:\/\/grupaprofizjo.pl\/index.php?rest_route=\/wp\/v2\/users\/2"}],"replies":[{"embeddable":true,"href":"https:\/\/grupaprofizjo.pl\/index.php?rest_route=%2Fwp%2Fv2%2Fcomments&post=95"}],"version-history":[{"count":5,"href":"https:\/\/grupaprofizjo.pl\/index.php?rest_route=\/wp\/v2\/pages\/95\/revisions"}],"predecessor-version":[{"id":412,"href":"https:\/\/grupaprofizjo.pl\/index.php?rest_route=\/wp\/v2\/pages\/95\/revisions\/412"}],"wp:attachment":[{"href":"https:\/\/grupaprofizjo.pl\/index.php?rest_route=%2Fwp%2Fv2%2Fmedia&parent=95"}],"curies":[{"name":"wp","href":"https:\/\/api.w.org\/{rel}","templated":true}]}}