{"id":88,"date":"2024-01-25T15:35:12","date_gmt":"2024-01-25T15:35:12","guid":{"rendered":"https:\/\/grupaprofizjo.pl\/?page_id=88"},"modified":"2024-02-26T10:10:18","modified_gmt":"2024-02-26T10:10:18","slug":"opis-michal","status":"publish","type":"page","link":"https:\/\/grupaprofizjo.pl\/?page_id=88","title":{"rendered":"Micha\u0142 Urban"},"content":{"rendered":"\n<h1 class=\"wp-block-heading\"><\/h1>\n\n\n<div class=\"wp-block-image\">\n<figure class=\"alignleft size-full is-resized\"><img fetchpriority=\"high\" decoding=\"async\" width=\"1707\" height=\"2560\" src=\"http:\/\/grupaprofizjo.pl\/wp-content\/uploads\/2024\/02\/Michal-U-1-scaled.jpg\" alt=\"\" class=\"wp-image-145\" style=\"width:337px;height:auto\" srcset=\"https:\/\/grupaprofizjo.pl\/wp-content\/uploads\/2024\/02\/Michal-U-1-scaled.jpg 1707w, https:\/\/grupaprofizjo.pl\/wp-content\/uploads\/2024\/02\/Michal-U-1-200x300.jpg 200w, https:\/\/grupaprofizjo.pl\/wp-content\/uploads\/2024\/02\/Michal-U-1-683x1024.jpg 683w, https:\/\/grupaprofizjo.pl\/wp-content\/uploads\/2024\/02\/Michal-U-1-768x1152.jpg 768w, https:\/\/grupaprofizjo.pl\/wp-content\/uploads\/2024\/02\/Michal-U-1-1024x1536.jpg 1024w, https:\/\/grupaprofizjo.pl\/wp-content\/uploads\/2024\/02\/Michal-U-1-1365x2048.jpg 1365w\" sizes=\"(max-width: 1707px) 100vw, 1707px\" \/><\/figure>\n<\/div>\n\n\n<p>Micha\u0142 Urban, za\u0142o\u017cyciel Holistycznego Centrum Fizjoterapii i Osteopatii w Opolu, to nie tylko fizjoterapeuta, ale prawdziwy badacz, tw\u00f3rca i inspirator, kt\u00f3rego \u017cycie wype\u0142nione jest pasj\u0105 do pomagania innym osi\u0105gn\u0105\u0107 harmoni\u0119 w swoim ciele i umy\u015ble.<br>Micha\u0142 Urban, za\u0142o\u017cyciel Holistycznego Centrum Fizjoterapii i Osteopatii w Opolu, to nie tylko fizjoterapeuta, ale prawdziwy badacz, tw\u00f3rca i inspirator, kt\u00f3rego \u017cycie wype\u0142nione jest pasj\u0105 do pomagania innym osi\u0105gn\u0105\u0107 harmoni\u0119 w swoim ciele i umy\u015ble.<\/p>\n\n\n\n<p>Absolwent wydzia\u0142u Wychowania Fizycznego we Wroc\u0142awiu, kierunku fizjoterapia, Micha\u0142 nie boi si\u0119 wyzwa\u0144. Jego podej\u015bcie opiera si\u0119 na zg\u0142\u0119bianiu najstarszej wiedzy w dziejach ludzko\u015bci, takiej jak WEDY Ajurwedyjskie, kt\u00f3r\u0105 z powodzeniem wprowadza do swojej praktyki. Dla niego nie ma rzeczy niemo\u017cliwych, a metafizyczna wiedza po\u0142\u0105czona z wieloletni\u0105 praktyk\u0105 czyni go niezwykle skutecznym terapeut\u0105, wok\u00f3\u0142 kt\u00f3rego kr\u0105\u017c\u0105 ju\u017c legendy.<\/p>\n\n\n\n<p>Micha\u0142 Urban to nie tylko pasjonat fizjoterapii, ale tak\u017ce nieustanny poszukiwacz wiedzy. Uczestniczy w licznych szkoleniach i seminariach naukowych, gdzie z ochot\u0105 dzieli si\u0119 swoj\u0105 wiedz\u0105, prowokuj\u0105c do my\u015blenia i stawiania pyta\u0144 egzystencjalnych. <br><br>Jako inspiruj\u0105cy lider potrafi pomna\u017ca\u0107 ludzki potencja\u0142 i skutecznie anga\u017cowa\u0107 zesp\u00f3\u0142 do wsp\u00f3lnego dzia\u0142ania, tworz\u0105c now\u0105 jako\u015b\u0107.<\/p>\n\n\n\n<p>Jego innowacyjny projekt, KRYSZTA\u0141OWE DZIECKO, skupia si\u0119 na pomocy dzieciom i m\u0142odzie\u017cy w odzyskaniu poprawnej postawy oraz zwi\u0119kszeniu pewno\u015bci siebie. Stworzenie tego programu przyczynia si\u0119 do rozwoju i dobrostanu najm\u0142odszych. <br>W wolnym czasie Micha\u0142 nie zwalnia tempa. Gra w pi\u0142k\u0119 no\u017cn\u0105, uprawia sztuki walki &#8211; zw\u0142aszcza Kung Fu, malarstwo, w\u0119dr\u00f3wki po g\u00f3rach, koszyk\u00f3wka, wspinaczka czy tworzenie muzyki to tylko niekt\u00f3re z pasji, kt\u00f3re sprawiaj\u0105, \u017ce jego \u017cycie jest  r\u00f3\u017cnorodne i inspiruj\u0105ce. Micha\u0142 Urban to nie tylko fizjoterapeuta, ale prawdziwy wielozadaniowiec, kt\u00f3ry z determinacj\u0105 kieruje si\u0119 ide\u0105 nieustannego rozwoju i tworzenia pozytywnych zmian w \u017cyciu innych.<\/p>\n","protected":false},"excerpt":{"rendered":"<p>Micha\u0142 Urban, za\u0142o\u017cyciel Holistycznego Centrum Fizjoterapii i Osteopatii w Opolu, to nie tylko fizjoterapeuta, ale prawdziwy badacz, tw\u00f3rca i inspirator, kt\u00f3rego \u017cycie wype\u0142nione jest pasj\u0105 do pomagania innym osi\u0105gn\u0105\u0107 harmoni\u0119 w swoim ciele i umy\u015ble.Micha\u0142 Urban, za\u0142o\u017cyciel Holistycznego Centrum Fizjoterapii i Osteopatii w Opolu, to nie tylko fizjoterapeuta, ale prawdziwy badacz, tw\u00f3rca i inspirator, kt\u00f3rego [&hellip;]<\/p>\n","protected":false},"author":2,"featured_media":0,"parent":0,"menu_order":0,"comment_status":"closed","ping_status":"closed","template":"","meta":{"saved_in_kubio":false,"_monsterinsights_skip_tracking":false,"_monsterinsights_sitenote_active":false,"_monsterinsights_sitenote_note":"","_monsterinsights_sitenote_category":0,"footnotes":""},"class_list":["post-88","page","type-page","status-publish","hentry"],"kubio_ai_page_context":{"short_desc":"","purpose":"general"},"_links":{"self":[{"href":"https:\/\/grupaprofizjo.pl\/index.php?rest_route=\/wp\/v2\/pages\/88","targetHints":{"allow":["GET"]}}],"collection":[{"href":"https:\/\/grupaprofizjo.pl\/index.php?rest_route=\/wp\/v2\/pages"}],"about":[{"href":"https:\/\/grupaprofizjo.pl\/index.php?rest_route=\/wp\/v2\/types\/page"}],"author":[{"embeddable":true,"href":"https:\/\/grupaprofizjo.pl\/index.php?rest_route=\/wp\/v2\/users\/2"}],"replies":[{"embeddable":true,"href":"https:\/\/grupaprofizjo.pl\/index.php?rest_route=%2Fwp%2Fv2%2Fcomments&post=88"}],"version-history":[{"count":10,"href":"https:\/\/grupaprofizjo.pl\/index.php?rest_route=\/wp\/v2\/pages\/88\/revisions"}],"predecessor-version":[{"id":408,"href":"https:\/\/grupaprofizjo.pl\/index.php?rest_route=\/wp\/v2\/pages\/88\/revisions\/408"}],"wp:attachment":[{"href":"https:\/\/grupaprofizjo.pl\/index.php?rest_route=%2Fwp%2Fv2%2Fmedia&parent=88"}],"curies":[{"name":"wp","href":"https:\/\/api.w.org\/{rel}","templated":true}]}}