{"id":223,"date":"2024-02-07T21:01:35","date_gmt":"2024-02-07T21:01:35","guid":{"rendered":"https:\/\/grupaprofizjo.pl\/?page_id=223"},"modified":"2024-08-07T10:43:41","modified_gmt":"2024-08-07T10:43:41","slug":"rodzaje-terapii","status":"publish","type":"page","link":"https:\/\/grupaprofizjo.pl\/?page_id=223","title":{"rendered":"Rodzaje Terapii"},"content":{"rendered":"\n<div class=\"wp-block-columns alignwide is-layout-flex wp-container-core-columns-is-layout-28f84493 wp-block-columns-is-layout-flex\">\n<div class=\"wp-block-column is-layout-flow wp-block-column-is-layout-flow\">\n<h2 class=\"wp-block-heading has-text-align-center has-neve-link-color-color has-text-color has-link-color has-large-font-size wp-elements-21298971e6470b56c1bffe971a9f0515\">Terapia manualna<\/h2>\n\n\n\n<p>Terapia manualna to forma leczenia, kt\u00f3ra wykorzystuje techniki manualne, takie jak manipulacje i mobilizacje tkanek mi\u0119kkich oraz staw\u00f3w, aby z\u0142agodzi\u0107 b\u00f3l, przywr\u00f3ci\u0107 funkcj\u0119 cia\u0142a i poprawi\u0107 og\u00f3lne samopoczucie. Interwencja terapeutyczna jest wykorzystywana w leczeniu r\u00f3\u017cnych schorze\u0144, takich jak b\u00f3le plec\u00f3w, szyi, bioder, mi\u0119\u015bniowo-szkieletowych i neurologicznych. Dostosowanie tej techniki opiera si\u0119 si\u0119 o indywidualne potrzeby pacjenta oraz o dog\u0142\u0119bn\u0105 wiedz\u0119 anatomiczn\u0105 i fizjologiczn\u0105 wyspecjalizowanych terapeut\u00f3w.<\/p>\n<\/div>\n\n\n\n<div class=\"wp-block-column is-layout-flow wp-block-column-is-layout-flow\">\n<h2 class=\"wp-block-heading has-text-align-center has-neve-link-color-color has-text-color has-link-color has-large-font-size wp-elements-5e2f5faa9757a4469167ecdb9e78a1a1\">Uroginekologia<\/h2>\n\n\n\n<p class=\"has-text-align-center\">Terapia uroginekologiczna w fizjoterapii jest specjalistycznym podej\u015bciem terapeutycznym, kt\u00f3re skupi si\u0119 na diagnozowaniu i leczeniu zaburze\u0144 uk\u0142adu miedniczego. Obejmuje ona badanie, ocen\u0119 i rehabilitacj\u0119 mi\u0119\u015bni dna miednicy, mi\u0119\u015bni dna brzucha oraz innych struktur zwi\u0105zanych z funkcjonowaniem uk\u0142adu miednicznego. Celem terapii jest poprawa funkcji miednicy, eliminacja b\u00f3lu, leczenie nietrzymania moczu, zwi\u0119kszanie kontroli nad p\u0119cherzem, poprawa funkcji seksualnych i og\u00f3lnej jako\u015bci \u017cycia. <\/p>\n<\/div>\n\n\n\n<div class=\"wp-block-column is-layout-flow wp-block-column-is-layout-flow\">\n<h2 class=\"wp-block-heading has-text-align-center has-neve-link-color-color has-text-color has-link-color has-large-font-size wp-elements-494349967eddf5cc9929b8dbddc04d79\">Zoga MOVEMENT<\/h2>\n\n\n\n<p class=\"has-text-align-right\">Zoga MOVEMENT to rewolucyjne podej\u015bcie w pracy fizjoterapeuty. Skuteczna w leczeniu przewlek\u0142ych b\u00f3l\u00f3w mi\u0119\u015bniowo-szkieletowych. Terapeuta jest w stanie zdiagnozowa\u0107 i rozwi\u0105za\u0107 przyczyn\u0119 dolegliwo\u015bci. Dodatkowo pacjenci mog\u0105 szybciej powr\u00f3ci\u0107 do pe\u0142nej sprawno\u015bci fizycznej po urazach czy operacjach. To co\u015b wi\u0119cej ni\u017c terapia. To holistyczne podej\u015bcie, kt\u00f3re uwzgl\u0119dnia cia\u0142o, umys\u0142 pomagaj\u0105c odzyska\u0107 r\u00f3wnowag\u0119 oraz witalno\u015b\u0107. Dzi\u0119ki dobranym \u0107wiczeniom oraz odpowiednim technikom oddechowym, pacjenci szybko odzyskuj\u0105 sw\u00f3j potencja\u0142. <\/p>\n<\/div>\n<\/div>\n\n\n\n<div class=\"wp-block-columns alignwide is-layout-flex wp-container-core-columns-is-layout-28f84493 wp-block-columns-is-layout-flex\">\n<div class=\"wp-block-column is-layout-flow wp-block-column-is-layout-flow\">\n<h2 class=\"wp-block-heading has-text-align-center has-neve-link-color-color has-text-color has-link-color has-large-font-size wp-elements-4d20ec84c7bce61e53094e5876f47f13\">Terapia kostna<\/h2>\n\n\n\n<p>Terapia kostna ma na celu usprawnienie przep\u0142ywu p\u0142yn\u00f3w ustrojowych, takich jak krew i limfa, co wp\u0142ywa na popraw\u0119 funkcjonowania uk\u0142adu nerwowego, hormonalnego, trawienia i oddychania. Terapia mo\u017ce pom\u00f3c w zmniejszaniu b\u00f3lu i sztywno\u015bci mi\u0119\u015bni, zwi\u0119kszeniu elastyczno\u015bci staw\u00f3w, poprawie r\u00f3wnowagi emocjonalnej i relaksacji a tak\u017ce w dolegliwo\u015bciach b\u00f3l\u00f3w g\u0142owy i migren, b\u00f3l\u00f3w plec\u00f3w, szyi i staw\u00f3w, zaburze\u0144 snu i nerwic. Metoda ma zapewni\u0107 przywr\u00f3cenie r\u00f3wnowagi w organizmie i zapewnienie lepszej jako\u015bci \u017cycia.<\/p>\n<\/div>\n\n\n\n<div class=\"wp-block-column is-layout-flow wp-block-column-is-layout-flow\">\n<h2 class=\"wp-block-heading has-text-align-center has-neve-link-color-color has-text-color has-link-color has-large-font-size wp-elements-a514b703c760a744ca8e8b633474f8bc\">Akupunktura<\/h2>\n\n\n\n<p class=\"has-text-align-center\">Staro\u017cytna metoda leczenia, kt\u00f3ra wywodzi si\u0119 z tradycji chi\u0144skiej, wykorzystuj\u0105ca ig\u0142y, kt\u00f3re wk\u0142ada si\u0119 w okre\u015blone punkty na ciele. Wed\u0142ug akupunktury w organizmie kr\u0105\u017c\u0105 dwie podstawowe energie &#8211; jin i jan. W zdrowym ciele te energie s\u0105 w harmonii. Poprzez stymulacj\u0119 odpowiednich punkt\u00f3w mo\u017cna przywr\u00f3ci\u0107 r\u00f3wnowag\u0119 energetyczn\u0105 i przyczyni\u0107 si\u0119 do poprawy zdrowia. Akupunktura mo\u017ce by\u0107 stosowana w leczeniu r\u00f3\u017cnych dolegliwo\u015bci, w tym b\u00f3lu plec\u00f3w, migreny, b\u00f3lu staw\u00f3w oraz problem\u00f3w z uk\u0142adem trawiennym<\/p>\n<\/div>\n\n\n\n<div class=\"wp-block-column is-layout-flow wp-block-column-is-layout-flow\">\n<h2 class=\"wp-block-heading has-text-align-center has-neve-link-color-color has-text-color has-link-color has-large-font-size wp-elements-ad95fe1dcf113f8f800485e94591221c\">Terapia wisceralna <\/h2>\n\n\n\n<p class=\"has-text-align-right\">Terapia wisceralna to technika masa\u017cu, kt\u00f3ra ma na celu u\u017cycie odpowiednich metod i wyeliminowa\u0107 b\u00f3le pozornie nie zwi\u0105zane z uk\u0142adem pokarmowym. Obszarem do dzia\u0142a\u0144 jest pow\u0142oka brzuszna. Tego typu interwencja fizjoterapeutyczna poprawia odporno\u015b\u0107 organizmu, zwi\u0119ksza przep\u0142yw krwi oraz wp\u0142ywa na lepszy proces metabolizmu. <\/p>\n<\/div>\n<\/div>\n\n\n\n<div class=\"wp-block-columns alignwide is-layout-flex wp-container-core-columns-is-layout-28f84493 wp-block-columns-is-layout-flex\">\n<div class=\"wp-block-column is-layout-flow wp-block-column-is-layout-flow\">\n<h2 class=\"wp-block-heading has-text-align-center has-neve-link-color-color has-text-color has-link-color has-large-font-size wp-elements-f9dcc9b54e212216a18c880499091527\">Integracja strukturalna<\/h2>\n\n\n\n<p>Tw\u00f3rc\u0105 metody integracji strukturalnej jest dr. Ida Rolf. Jej wieloletnie do\u015bwiadczenie zaowocowa\u0142o terapi\u0105 poprawiaj\u0105c\u0105 struktury i funkcje cia\u0142a. Praca z cia\u0142em przywraca, modeluje, redukuje napi\u0119cia w ciele, kt\u00f3re powstaj\u0105 w wyniku uraz\u00f3w, braku prawid\u0142owych wzorc\u00f3w ruchowo &#8211; fizycznych. Terapia sk\u0142ada si\u0119 z 12 spotka\u0144 i ka\u017cde jest po\u015bwi\u0119cone osobnemu obszarowi na ciele. Jest to celowe dzia\u0142anie integracyjne w celu uporz\u0105dkowania struktury zaburzonych element\u00f3w i przywr\u00f3cenia pionu w ciele. Zmiany wp\u0142ywaj\u0105 na odczuwanie dobrostanu i zwi\u0119ksza sprawno\u015b\u0107 ruchow\u0105. Dodatkowo terapia wspomagana jest o asany ruchowe oraz praktyczna wiedz\u0119. <\/p>\n<\/div>\n\n\n\n<div class=\"wp-block-column is-layout-flow wp-block-column-is-layout-flow\">\n<h2 class=\"wp-block-heading has-text-align-center has-neve-link-color-color has-text-color has-link-color has-large-font-size wp-elements-37d6bfee1e262c84c339a21ad463f37b\">Pinoterapia <\/h2>\n\n\n\n<p class=\"has-text-align-center\">Manualna technika, kt\u00f3ra polega na uciskaniu punkt\u00f3w na ciele w celu zmniejszenia b\u00f3li, poprawy kr\u0105\u017cenia krei i \u0142agodzenia napi\u0119cia mi\u0119\u015bniowego. Zabiegi pinopresury mog\u0105 by\u0107 stosowane w r\u00f3\u017cnych przypadkach, takich jak b\u00f3le plec\u00f3w, szyi, bark\u00f3w, g\u0142owy, staw\u00f3w i migreny. Ilo\u015b\u0107 zabieg\u00f3w jest dobierana indywidualnie do potrzeb i stanu zdrowia pacjenta. Zaleca si\u0119 seri\u0119 kilku zabieg\u00f3w w odst\u0119pach czasowych. <\/p>\n<\/div>\n\n\n\n<div class=\"wp-block-column is-layout-flow wp-block-column-is-layout-flow\">\n<h2 class=\"wp-block-heading has-text-align-center has-neve-link-color-color has-text-color has-link-color has-large-font-size wp-elements-256fb14dd25cac586b5c557aa77a10bd\">Hipnoterapia<\/h2>\n\n\n\n<p class=\"has-text-align-right\">Wsp\u00f3\u0142czesna hipnoza to rodzaj kuracji. Uznaje si\u0119 jako skuteczn\u0105 metod\u0119 diagnozowania i leczenia zaburze\u0144 nerwicowych, l\u0119kowych oraz w terapii niekt\u00f3rych uzale\u017cnie\u0144. Jako metoda leczenia hipnoza nie jest tajemniczym okultyzmem, lecz rodzajem kuracji wymagaj\u0105cej powa\u017cnego traktowania. Tylko odpowiednie nastawienie i wiara w sukces oraz przekonanie w mo\u017cliwo\u015bci hipnotyzera ma wp\u0142yw na wynik seansu. <\/p>\n<\/div>\n<\/div>\n\n\n\n<div class=\"wp-block-columns alignwide is-layout-flex wp-container-core-columns-is-layout-28f84493 wp-block-columns-is-layout-flex\">\n<div class=\"wp-block-column is-layout-flow wp-block-column-is-layout-flow\">\n<h2 class=\"wp-block-heading has-text-align-center has-neve-link-color-color has-text-color has-link-color has-large-font-size wp-elements-358739b69d6535d6058240bbb56f45eb\"><a href=\"http:\/\/grupaprofizjo.pl\/wp-content\/uploads\/2024\/02\/CHFiO_PROFIZJO_Krysztalowe_Dziecko_Patronat_Poster_B1.pdf\" target=\"_blank\" rel=\"noreferrer noopener\">Kryszta\u0142owe Dziecko<\/a><\/h2>\n\n\n\n<p>Program diagnostyczny, maj\u0105cy na celu promowanie zdrowej postawy, \u015bwiadomego stylu \u017cycia u dzieci i m\u0142odzie\u017cy (od 5 do 18 roku \u017cycia) Diagnoza indywidualna oparta o badania i  technologi\u0119 komputerow\u0105. Na tej podstawie fizjoterapeuta dobiera indywidualny program interwencji terapeutycznej.  Uczestnik jest edukowany z technik uwalniania emocji, relaksacji a tak\u017ce poprawnego siedzenia, chodzenia oraz wp\u0142ywu na swoje emocje. Udzia\u0142 w terapii gwarantuje popraw\u0119 postawy cia\u0142a i zdrowie kr\u0119gos\u0142upa, zwi\u0119kszanie si\u0142y mi\u0119\u015bni, poprawa kondycji fizycznej, zwi\u0119kszenie \u015bwiadomo\u015bci dotycz\u0105cej zdrowego stylu \u017cycia.<br><\/p>\n<\/div>\n\n\n\n<div class=\"wp-block-column is-layout-flow wp-block-column-is-layout-flow\">\n<h2 class=\"wp-block-heading has-text-align-center has-neve-link-color-color has-text-color has-link-color wp-elements-422651e52ffec66d99ec69da36d063f4\">Facemodeling<\/h2>\n\n\n\n<p class=\"has-text-align-center\">Facemodeling to nowoczesna i nieinwazyjna metoda modelowania twarzy, kt\u00f3ra \u0142\u0105czy techniki masa\u017cu, terapii manualnej oraz akupresury. Zabiegi te poprawiaj\u0105 kontury twarzy, redukuj\u0105 zmarszczki, a tak\u017ce stymuluj\u0105 naturalne procesy regeneracyjne sk\u00f3ry. Facemodeling to idealne rozwi\u0105zanie dla os\u00f3b pragn\u0105cych zachowa\u0107 m\u0142ody wygl\u0105d bez konieczno\u015bci stosowania chirurgii plastycznej czy inwazyjnych procedur medycznych. Dzi\u0119ki regularnym sesjom mo\u017cna osi\u0105gn\u0105\u0107 efekty liftingu, poprawi\u0107 napi\u0119cie sk\u00f3ry i jej elastyczno\u015b\u0107, ciesz\u0105c si\u0119 zdrow\u0105 i promienn\u0105 cer\u0105.<br><\/p>\n<\/div>\n\n\n\n<div class=\"wp-block-column is-layout-flow wp-block-column-is-layout-flow\">\n<h2 class=\"wp-block-heading has-text-align-right has-neve-link-color-color has-text-color has-link-color wp-elements-b9805806a1f457daf9f59b766b22ee4c\">Access Bars<\/h2>\n\n\n\n<p class=\"has-text-align-right\">Access Bars to innowacyjna technika relaksacyjna polegaj\u0105ca na delikatnym dotykaniu 32 punkt\u00f3w na g\u0142owie, kt\u00f3re odpowiadaj\u0105 za r\u00f3\u017cne aspekty \u017cycia, takie jak zdrowie, finanse, relacje czy kreatywno\u015b\u0107. Sesje Access Bars pomagaj\u0105 uwolni\u0107 nagromadzone napi\u0119cia, redukuj\u0105 stres i sprzyjaj\u0105 klarowno\u015bci my\u015bli. To prosty i przyjemny spos\u00f3b na popraw\u0119 samopoczucia, wprowadzenie harmonii oraz otwarcie si\u0119 na nowe mo\u017cliwo\u015bci w \u017cyciu.<\/p>\n<\/div>\n<\/div>\n\n\n\n<div class=\"wp-block-columns alignwide is-layout-flex wp-container-core-columns-is-layout-28f84493 wp-block-columns-is-layout-flex\">\n<div class=\"wp-block-column is-layout-flow wp-block-column-is-layout-flow\">\n<h2 class=\"wp-block-heading has-text-align-left has-neve-link-color-color has-text-color has-link-color has-large-font-size wp-elements-8164621a9ba62177a82095731379e5a5\">Akupunktura kosmetyczna<\/h2>\n\n\n\n<p>Akupunktura kosmetyczna to naturalna metoda odm\u0142adzania sk\u00f3ry, kt\u00f3ra polega na delikatnym nak\u0142uwaniu wybranych punkt\u00f3w na twarzy za pomoc\u0105 cienkich igie\u0142. Zabiegi te stymuluj\u0105 kr\u0105\u017cenie krwi, wspomagaj\u0105 produkcj\u0119 kolagenu i elastyny, co prowadzi do wyg\u0142adzenia zmarszczek, poprawy napi\u0119cia sk\u00f3ry i jej zdrowego wygl\u0105du. To bezpieczny i skuteczny spos\u00f3b na zachowanie m\u0142odego wygl\u0105du bez konieczno\u015bci stosowania chemicznych preparat\u00f3w czy zabieg\u00f3w chirurgicznych.<\/p>\n<\/div>\n\n\n\n<div class=\"wp-block-column is-layout-flow wp-block-column-is-layout-flow\">\n<h2 class=\"wp-block-heading has-text-align-center has-neve-link-color-color has-text-color has-link-color wp-elements-64130f28fe7daad69245d9f90150ce6b\"><\/h2>\n\n\n\n<p class=\"has-text-align-center\"><br><\/p>\n<\/div>\n\n\n\n<div class=\"wp-block-column is-layout-flow wp-block-column-is-layout-flow\">\n<h2 class=\"wp-block-heading has-text-align-right has-neve-link-color-color has-text-color has-link-color wp-elements-5021d28d807021d443b6ad445dfb527b\"><\/h2>\n\n\n\n<p class=\"has-text-align-right\"><\/p>\n<\/div>\n<\/div>\n","protected":false},"excerpt":{"rendered":"<p>Terapia manualna Terapia manualna to forma leczenia, kt\u00f3ra wykorzystuje techniki manualne, takie jak manipulacje i mobilizacje tkanek mi\u0119kkich oraz staw\u00f3w, aby z\u0142agodzi\u0107 b\u00f3l, przywr\u00f3ci\u0107 funkcj\u0119 cia\u0142a i poprawi\u0107 og\u00f3lne samopoczucie. Interwencja terapeutyczna jest wykorzystywana w leczeniu r\u00f3\u017cnych schorze\u0144, takich jak b\u00f3le plec\u00f3w, szyi, bioder, mi\u0119\u015bniowo-szkieletowych i neurologicznych. Dostosowanie tej techniki opiera si\u0119 si\u0119 o indywidualne [&hellip;]<\/p>\n","protected":false},"author":2,"featured_media":0,"parent":0,"menu_order":0,"comment_status":"closed","ping_status":"closed","template":"","meta":{"saved_in_kubio":false,"_monsterinsights_skip_tracking":false,"_monsterinsights_sitenote_active":false,"_monsterinsights_sitenote_note":"","_monsterinsights_sitenote_category":0,"footnotes":""},"class_list":["post-223","page","type-page","status-publish","hentry"],"kubio_ai_page_context":{"short_desc":"","purpose":"general"},"_links":{"self":[{"href":"https:\/\/grupaprofizjo.pl\/index.php?rest_route=\/wp\/v2\/pages\/223","targetHints":{"allow":["GET"]}}],"collection":[{"href":"https:\/\/grupaprofizjo.pl\/index.php?rest_route=\/wp\/v2\/pages"}],"about":[{"href":"https:\/\/grupaprofizjo.pl\/index.php?rest_route=\/wp\/v2\/types\/page"}],"author":[{"embeddable":true,"href":"https:\/\/grupaprofizjo.pl\/index.php?rest_route=\/wp\/v2\/users\/2"}],"replies":[{"embeddable":true,"href":"https:\/\/grupaprofizjo.pl\/index.php?rest_route=%2Fwp%2Fv2%2Fcomments&post=223"}],"version-history":[{"count":7,"href":"https:\/\/grupaprofizjo.pl\/index.php?rest_route=\/wp\/v2\/pages\/223\/revisions"}],"predecessor-version":[{"id":433,"href":"https:\/\/grupaprofizjo.pl\/index.php?rest_route=\/wp\/v2\/pages\/223\/revisions\/433"}],"wp:attachment":[{"href":"https:\/\/grupaprofizjo.pl\/index.php?rest_route=%2Fwp%2Fv2%2Fmedia&parent=223"}],"curies":[{"name":"wp","href":"https:\/\/api.w.org\/{rel}","templated":true}]}}