{"id":188,"date":"2024-02-07T19:15:52","date_gmt":"2024-02-07T19:15:52","guid":{"rendered":"https:\/\/grupaprofizjo.pl\/?page_id=188"},"modified":"2025-12-29T22:26:39","modified_gmt":"2025-12-29T22:26:39","slug":"strona-glowna","status":"publish","type":"page","link":"https:\/\/grupaprofizjo.pl\/","title":{"rendered":"Strona G\u0142\u00f3wna"},"content":{"rendered":"\t\t<div data-elementor-type=\"wp-page\" data-elementor-id=\"188\" class=\"elementor elementor-188\">\n\t\t\t\t<div class=\"elementor-element elementor-element-49fe6e50 e-con-full e-flex e-con e-parent\" data-id=\"49fe6e50\" data-element_type=\"container\">\n\t\t\t\t<div class=\"elementor-element elementor-element-cb44220 elementor-widget elementor-widget-text-editor\" data-id=\"cb44220\" data-element_type=\"widget\" data-widget_type=\"text-editor.default\">\n\t\t\t\t<div class=\"elementor-widget-container\">\n\t\t\t\t\t\t\t\t\t<h1 class=\"wp-block-heading has-text-align-center has-neve-link-color-color has-text-color has-link-color has-x-large-font-size\"><strong>Fizjoterapia to sztuka piel\u0119gnowania r\u00f3wnowagi pomi\u0119dzy cia\u0142em, umys\u0142em i duchem.<\/strong><\/h1>\n<p><!-- \/wp:heading --><!-- wp:paragraph {\"align\":\"center\",\"style\":{\"typography\":{\"fontSize\":\"18px\"}}} --><\/p>\n<p class=\"has-text-align-center\" style=\"font-size: 18px;\">Grupa Profizjo sk\u0142ada si\u0119 z niezale\u017cnych, do\u015bwiadczonych fizjoterapeut\u00f3w, kt\u00f3rzy w swoich praktykach wykorzystuj\u0105 najnowsze metody i techniki terapeutyczne. Nasze podej\u015bcie do fizjoterapii jest holistyczne, czyli skupia si\u0119 na ca\u0142o\u015bciowym podej\u015bciu do pacjenta, uwzgl\u0119dniaj\u0105c jego fizyczne, emocjonalne i duchowe potrzeby.<\/p>\n<p>Zesp\u00f3\u0142 specjalist\u00f3w oferuje szeroki zakres us\u0142ug, w tym terapi\u0119 manualn\u0105, osteopati\u0119 a tak\u017ce wiele innych form terapii. Naszym celem jest zapewnienie pacjentom najwy\u017cszej jako\u015bci us\u0142ug fizjoterapeutycznych, kt\u00f3re pozwol\u0105 na osi\u0105gni\u0119cie pe\u0142ni zdrowia i dobrego samopoczucia.<\/p>\n<p><!-- \/wp:paragraph --><!-- wp:image {\"align\":\"wide\",\"id\":24,\"sizeSlug\":\"full\",\"linkDestination\":\"custom\",\"style\":{\"border\":{\"width\":\"0px\",\"style\":\"none\",\"radius\":\"41px\"}},\"className\":\"is-style-rounded\"} --><\/p>\n<p><!-- \/wp:image --><!-- wp:spacer --><\/p>\n<p><!-- \/wp:spacer --><!-- wp:heading {\"textAlign\":\"center\",\"fontSize\":\"x-large\"} --><\/p>\n<h2 class=\"wp-block-heading has-text-align-center has-x-large-font-size\"><i>GRUPA PROFIZJO<\/i><\/h2>\n<p><!-- \/wp:heading --><!-- wp:columns --><\/p>\n<div class=\"wp-block-columns\">\n<p><!-- wp:column {\"verticalAlignment\":\"center\"} --><\/p>\n<div class=\"wp-block-column is-vertically-aligned-center\">\n<p><!-- wp:image {\"align\":\"center\",\"id\":51,\"width\":\"440px\",\"height\":\"auto\",\"sizeSlug\":\"full\",\"linkDestination\":\"custom\"} --><\/p>\n<figure class=\"wp-block-image aligncenter size-full is-resized\"><a href=\"https:\/\/grupaprofizjo.pl\/?page_id=88\"><img fetchpriority=\"high\" decoding=\"async\" width=\"1707\" height=\"2560\" class=\"wp-image-51\" style=\"width: 440px; height: auto;\" src=\"https:\/\/grupaprofizjo.pl\/wp-content\/uploads\/2024\/01\/Michal-Urban07305-2-scaled.jpg\" alt=\"\" srcset=\"https:\/\/grupaprofizjo.pl\/wp-content\/uploads\/2024\/01\/Michal-Urban07305-2-scaled.jpg 1707w, https:\/\/grupaprofizjo.pl\/wp-content\/uploads\/2024\/01\/Michal-Urban07305-2-200x300.jpg 200w, https:\/\/grupaprofizjo.pl\/wp-content\/uploads\/2024\/01\/Michal-Urban07305-2-683x1024.jpg 683w, https:\/\/grupaprofizjo.pl\/wp-content\/uploads\/2024\/01\/Michal-Urban07305-2-768x1152.jpg 768w, https:\/\/grupaprofizjo.pl\/wp-content\/uploads\/2024\/01\/Michal-Urban07305-2-1024x1536.jpg 1024w, https:\/\/grupaprofizjo.pl\/wp-content\/uploads\/2024\/01\/Michal-Urban07305-2-1365x2048.jpg 1365w\" sizes=\"(max-width: 1707px) 100vw, 1707px\" \/><\/a><\/figure>\n<p><!-- \/wp:image --><\/p>\n<\/div>\n<p><!-- \/wp:column --><!-- wp:column {\"verticalAlignment\":\"center\"} --><\/p>\n<div class=\"wp-block-column is-vertically-aligned-center\">\n<p><!-- wp:paragraph {\"align\":\"center\",\"fontSize\":\"large\"} --><\/p>\n<p class=\"has-text-align-center has-large-font-size\"><strong><a href=\"https:\/\/grupaprofizjo.pl\/?page_id=88\" data-type=\"link\" data-id=\"https:\/\/grupaprofizjo.pl\/?page_id=88\">Micha\u0142 Urban<\/a><\/strong><br \/><em>Za\u0142o\u017cyciel, fizjoterapeuta<\/em><\/p>\n<p><a href=\"https:\/\/zarejestrowani.pl\/w\/WpfaoMiDkWuwoJQ39UTHPKd4BGdLRJRY_alLKKmC3FtpKBlp7AnR2-TlVJ3eaV24HNdLoqopSS6QD1N7d5I3cw\/\" target=\"_blank\" rel=\"noreferrer noopener\" data-type=\"link\" data-id=\"https:\/\/zarejestrowani.pl\/w\/OG7sgf22NbXcYtsUZLq5vQ\/\">Zarejestruj si\u0119 online<\/a><\/p>\n<p><!-- \/wp:paragraph --><\/p>\n<\/div>\n<p><!-- \/wp:column --><\/p>\n<\/div>\n<p><!-- \/wp:columns --><!-- wp:columns --><\/p>\n<div class=\"wp-block-columns\">\n<p><!-- wp:column {\"verticalAlignment\":\"center\"} --><\/p>\n<div class=\"wp-block-column is-vertically-aligned-center\">\n<p><!-- wp:image {\"align\":\"center\",\"id\":53,\"width\":\"440px\",\"height\":\"auto\",\"sizeSlug\":\"full\",\"linkDestination\":\"custom\"} --><\/p>\n<figure class=\"wp-block-image aligncenter size-full is-resized\"><a href=\"https:\/\/grupaprofizjo.pl\/?page_id=95\"><img decoding=\"async\" width=\"1706\" height=\"2560\" class=\"wp-image-53\" style=\"width: 440px; height: auto;\" src=\"https:\/\/grupaprofizjo.pl\/wp-content\/uploads\/2024\/01\/Michal-Urban07204-1-scaled.jpg\" alt=\"\" srcset=\"https:\/\/grupaprofizjo.pl\/wp-content\/uploads\/2024\/01\/Michal-Urban07204-1-scaled.jpg 1706w, https:\/\/grupaprofizjo.pl\/wp-content\/uploads\/2024\/01\/Michal-Urban07204-1-200x300.jpg 200w, https:\/\/grupaprofizjo.pl\/wp-content\/uploads\/2024\/01\/Michal-Urban07204-1-682x1024.jpg 682w, https:\/\/grupaprofizjo.pl\/wp-content\/uploads\/2024\/01\/Michal-Urban07204-1-768x1152.jpg 768w, https:\/\/grupaprofizjo.pl\/wp-content\/uploads\/2024\/01\/Michal-Urban07204-1-1024x1536.jpg 1024w, https:\/\/grupaprofizjo.pl\/wp-content\/uploads\/2024\/01\/Michal-Urban07204-1-1365x2048.jpg 1365w\" sizes=\"(max-width: 1706px) 100vw, 1706px\" \/><\/a><\/figure>\n<p><!-- \/wp:image --><\/p>\n<\/div>\n<p><!-- \/wp:column --><!-- wp:column {\"verticalAlignment\":\"center\"} --><\/p>\n<div class=\"wp-block-column is-vertically-aligned-center\">\n<p><!-- wp:paragraph {\"align\":\"center\",\"fontSize\":\"large\"} --><\/p>\n<p class=\"has-text-align-center has-large-font-size\"><strong><a href=\"https:\/\/grupaprofizjo.pl\/?page_id=95\" data-type=\"link\" data-id=\"https:\/\/grupaprofizjo.pl\/?page_id=95\">Oliwia Koszela<\/a><\/strong><br \/><em>Fizjoterapeutka<\/em><\/p>\n<p><!-- \/wp:paragraph --><!-- wp:paragraph {\"align\":\"center\"} --><\/p>\n<p class=\"has-text-align-center\"><a href=\"http:\/\/oliwiakoszela.booksy.com\/a\" target=\"_blank\" rel=\"noreferrer noopener\" data-type=\"link\" data-id=\"https:\/\/zarejestrowani.pl\/w\/OG7sgf22NbXcYtsUZLq5vQ\/\">Zarejestruj si\u0119 online<\/a><\/p>\n<p><!-- \/wp:paragraph --><\/p>\n<\/div>\n<p><!-- \/wp:column --><\/p>\n<\/div>\n<p><!-- \/wp:columns --><!-- wp:columns --><\/p>\n<div class=\"wp-block-columns\">\n<p><!-- wp:column {\"verticalAlignment\":\"center\"} --><\/p>\n<div class=\"wp-block-column is-vertically-aligned-center\">\n<p><!-- wp:image {\"align\":\"center\",\"id\":54,\"width\":\"440px\",\"height\":\"auto\",\"sizeSlug\":\"full\",\"linkDestination\":\"custom\"} --><\/p>\n<figure class=\"wp-block-image aligncenter size-full is-resized\"><a href=\"https:\/\/grupaprofizjo.pl\/?page_id=97\"><img decoding=\"async\" width=\"1707\" height=\"2560\" class=\"wp-image-54\" style=\"width: 440px; height: auto;\" src=\"https:\/\/grupaprofizjo.pl\/wp-content\/uploads\/2024\/01\/Michal-Urban07459-1-scaled.jpg\" alt=\"\" srcset=\"https:\/\/grupaprofizjo.pl\/wp-content\/uploads\/2024\/01\/Michal-Urban07459-1-scaled.jpg 1707w, https:\/\/grupaprofizjo.pl\/wp-content\/uploads\/2024\/01\/Michal-Urban07459-1-200x300.jpg 200w, https:\/\/grupaprofizjo.pl\/wp-content\/uploads\/2024\/01\/Michal-Urban07459-1-683x1024.jpg 683w, https:\/\/grupaprofizjo.pl\/wp-content\/uploads\/2024\/01\/Michal-Urban07459-1-768x1152.jpg 768w, https:\/\/grupaprofizjo.pl\/wp-content\/uploads\/2024\/01\/Michal-Urban07459-1-1024x1536.jpg 1024w, https:\/\/grupaprofizjo.pl\/wp-content\/uploads\/2024\/01\/Michal-Urban07459-1-1365x2048.jpg 1365w\" sizes=\"(max-width: 1707px) 100vw, 1707px\" \/><\/a><\/figure>\n<p><!-- \/wp:image --><\/p>\n<\/div>\n<p><!-- \/wp:column --><!-- wp:column {\"verticalAlignment\":\"center\"} --><\/p>\n<div class=\"wp-block-column is-vertically-aligned-center\">\n<p><!-- wp:paragraph {\"align\":\"center\",\"fontSize\":\"large\"} --><\/p>\n<p class=\"has-text-align-center has-large-font-size\"><strong><a href=\"https:\/\/grupaprofizjo.pl\/?page_id=97\" data-type=\"link\" data-id=\"https:\/\/grupaprofizjo.pl\/?page_id=97\">Filip Rewucki<\/a><br \/><\/strong><em>Fi<\/em><em>zjoterapeuta<\/em><\/p>\n<p><!-- \/wp:paragraph --><!-- wp:paragraph {\"align\":\"center\"} --><\/p>\n<p class=\"has-text-align-center\"><a href=\"https:\/\/zarejestrowani.pl\/w\/GYCCA6tlKdBN1rm2frUl1Q\/?fbclid=PAAaZOoRCMrlvEs6SJjj09tb6M1rgKarXAo6ZKKJhKI9JTJqBXgTJzI5pyRQ8_aem_AR45uQ5LsN1cRZoSVGE4uh9SVwMv1oKaxVrDs1IDOlt3_I6MevxM1E_vkbFhVbBi_ak\" target=\"_blank\" rel=\"noreferrer noopener\" data-type=\"link\" data-id=\"https:\/\/zarejestrowani.pl\/w\/GYCCA6tlKdBN1rm2frUl1Q\/?fbclid=PAAaZOoRCMrlvEs6SJjj09tb6M1rgKarXAo6ZKKJhKI9JTJqBXgTJzI5pyRQ8_aem_AR45uQ5LsN1cRZoSVGE4uh9SVwMv1oKaxVrDs1IDOlt3_I6MevxM1E_vkbFhVbBi_ak\">Zarejestruj si\u0119 online<\/a><\/p>\n<p><!-- \/wp:paragraph --><\/p>\n<\/div>\n<p><!-- \/wp:column --><\/p>\n<\/div>\n<p><!-- \/wp:columns --><!-- wp:columns --><\/p>\n<div class=\"wp-block-columns\">\n<p><!-- wp:column {\"verticalAlignment\":\"center\"} --><\/p>\n<div class=\"wp-block-column is-vertically-aligned-center\">\n<p><!-- wp:image {\"align\":\"center\",\"id\":56,\"width\":\"440px\",\"height\":\"auto\",\"sizeSlug\":\"full\",\"linkDestination\":\"custom\"} --><\/p>\n<figure class=\"wp-block-image aligncenter size-full is-resized\"><a href=\"https:\/\/grupaprofizjo.pl\/?page_id=99\"><img loading=\"lazy\" decoding=\"async\" width=\"1707\" height=\"2560\" class=\"wp-image-56\" style=\"width: 440px; height: auto;\" src=\"https:\/\/grupaprofizjo.pl\/wp-content\/uploads\/2024\/01\/Michal-Urban07118-scaled.jpg\" alt=\"\" srcset=\"https:\/\/grupaprofizjo.pl\/wp-content\/uploads\/2024\/01\/Michal-Urban07118-scaled.jpg 1707w, https:\/\/grupaprofizjo.pl\/wp-content\/uploads\/2024\/01\/Michal-Urban07118-200x300.jpg 200w, https:\/\/grupaprofizjo.pl\/wp-content\/uploads\/2024\/01\/Michal-Urban07118-683x1024.jpg 683w, https:\/\/grupaprofizjo.pl\/wp-content\/uploads\/2024\/01\/Michal-Urban07118-768x1152.jpg 768w, https:\/\/grupaprofizjo.pl\/wp-content\/uploads\/2024\/01\/Michal-Urban07118-1024x1536.jpg 1024w, https:\/\/grupaprofizjo.pl\/wp-content\/uploads\/2024\/01\/Michal-Urban07118-1365x2048.jpg 1365w\" sizes=\"(max-width: 1707px) 100vw, 1707px\" \/><\/a><\/figure>\n<p><!-- \/wp:image --><\/p>\n<\/div>\n<p><!-- \/wp:column --><!-- wp:column {\"verticalAlignment\":\"center\"} --><\/p>\n<div class=\"wp-block-column is-vertically-aligned-center\">\n<p><!-- wp:paragraph {\"align\":\"center\",\"fontSize\":\"large\"} --><\/p>\n<p class=\"has-text-align-center has-large-font-size\"><strong><a href=\"https:\/\/grupaprofizjo.pl\/?page_id=99\" data-type=\"link\" data-id=\"https:\/\/grupaprofizjo.pl\/?page_id=99\">Wiktoria Grzelak<\/a><br \/><\/strong><em>F<\/em><em>izjoterapeutka<\/em><\/p>\n<p><!-- \/wp:paragraph --><!-- wp:paragraph {\"align\":\"center\"} --><\/p>\n<p class=\"has-text-align-center\"><a href=\"http:\/\/wiktoriagrzelakfizjoterapia.booksy.com\/a\/\" target=\"_blank\" rel=\"noreferrer noopener\" data-type=\"link\" data-id=\"https:\/\/zarejestrowani.pl\/w\/5WKZRtKN3AKx3v7LjLjmPA\/?fbclid=IwAR3sU1upeYhPALN4NExIj0U8v0DTjDCyl1rJsZymCqZrRY5Cll5az6rdl2M\">Zarejestruj si\u0119 online<\/a><\/p>\n<p><!-- \/wp:paragraph --><\/p>\n<\/div>\n<p><!-- \/wp:column --><\/p>\n<\/div>\n<p><!-- \/wp:columns --><!-- wp:columns --><\/p>\n<div class=\"wp-block-columns\">\n<p><!-- wp:column {\"verticalAlignment\":\"center\"} --><\/p>\n<div class=\"wp-block-column is-vertically-aligned-center\">\n<p><!-- wp:image {\"align\":\"center\",\"id\":67,\"width\":\"440px\",\"height\":\"auto\",\"sizeSlug\":\"full\",\"linkDestination\":\"custom\"} --><\/p>\n<figure class=\"wp-block-image aligncenter size-full is-resized\"><a href=\"https:\/\/grupaprofizjo.pl\/?page_id=101\"><img loading=\"lazy\" decoding=\"async\" width=\"1707\" height=\"2560\" class=\"wp-image-67\" style=\"width: 440px; height: auto;\" src=\"https:\/\/grupaprofizjo.pl\/wp-content\/uploads\/2024\/01\/IMG_9955-scaled.jpeg\" alt=\"\" srcset=\"https:\/\/grupaprofizjo.pl\/wp-content\/uploads\/2024\/01\/IMG_9955-scaled.jpeg 1707w, https:\/\/grupaprofizjo.pl\/wp-content\/uploads\/2024\/01\/IMG_9955-200x300.jpeg 200w, https:\/\/grupaprofizjo.pl\/wp-content\/uploads\/2024\/01\/IMG_9955-683x1024.jpeg 683w, https:\/\/grupaprofizjo.pl\/wp-content\/uploads\/2024\/01\/IMG_9955-768x1152.jpeg 768w, https:\/\/grupaprofizjo.pl\/wp-content\/uploads\/2024\/01\/IMG_9955-1024x1536.jpeg 1024w, https:\/\/grupaprofizjo.pl\/wp-content\/uploads\/2024\/01\/IMG_9955-1365x2048.jpeg 1365w\" sizes=\"(max-width: 1707px) 100vw, 1707px\" \/><\/a><\/figure>\n<p><!-- \/wp:image --><\/p>\n<\/div>\n<p><!-- \/wp:column --><!-- wp:column {\"verticalAlignment\":\"center\"} --><\/p>\n<div class=\"wp-block-column is-vertically-aligned-center\">\n<p><!-- wp:paragraph {\"align\":\"center\",\"fontSize\":\"large\"} --><\/p>\n<p class=\"has-text-align-center has-large-font-size\"><strong><a href=\"https:\/\/grupaprofizjo.pl\/?page_id=101\" data-type=\"link\" data-id=\"https:\/\/grupaprofizjo.pl\/?page_id=101\">Marek Rewucki<\/a><br \/><\/strong><em>F<\/em><em>izjoterapeuta<\/em>, <em>hipnoterapeuta<\/em><\/p>\n<p><!-- \/wp:paragraph --><!-- wp:paragraph {\"align\":\"center\"} --><\/p>\n<p class=\"has-text-align-center\"><a href=\"https:\/\/zarejestrowani.pl\/w\/wFz1Vb99cFmopwlc6xDRPw\/\" target=\"_blank\" rel=\"noreferrer noopener\" data-type=\"link\" data-id=\"https:\/\/zarejestrowani.pl\/w\/wFz1Vb99cFmopwlc6xDRPw\/\">Zarejestruj si\u0119 online<\/a><\/p>\n<p><!-- \/wp:paragraph --><\/p>\n<\/div>\n<\/div>\n<p><!-- \/wp:columns --><!-- wp:group {\"align\":\"full\",\"style\":{\"color\":{\"background\":\"#272727\"}},\"layout\":{\"type\":\"constrained\"}} --><\/p>\n<div class=\"wp-block-group alignfull has-background\" style=\"background-color: #272727;\">\n<p><!-- wp:spacer --><\/p>\n<div class=\"wp-block-spacer\" style=\"height: 100px;\" aria-hidden=\"true\">\u00a0<\/div>\n<p><!-- \/wp:spacer --><!-- wp:heading {\"textAlign\":\"center\",\"style\":{\"typography\":{\"fontStyle\":\"normal\",\"fontWeight\":\"100\"}}} --><\/p>\n<h2 class=\"wp-block-heading has-text-align-center\" style=\"font-style: normal; font-weight: 100;\">Centrum Holistycznej Fizjoterapii i Osteopatii to plac\u00f3wka medyczna, kt\u00f3ra oferuje swoim pacjentom szeroki zakres us\u0142ug. Od pocz\u0105tku swojej dzia\u0142alno\u015bci skupia si\u0119 na zapewnieniu kompleksowej opieki medycznej, kt\u00f3ra uwzgl\u0119dnia indywidualne potrzeby i wymagania ka\u017cdego pacjenta.<\/h2>\n<p><!-- \/wp:heading --><!-- wp:buttons {\"layout\":{\"type\":\"flex\",\"justifyContent\":\"center\"}} --><\/p>\n<div class=\"wp-block-buttons\">\n<p><!-- wp:button {\"textAlign\":\"center\",\"backgroundColor\":\"neve-link-color\",\"textColor\":\"nv-light-bg\",\"style\":{\"elements\":{\"link\":{\"color\":{\"text\":\"var:preset|color|nv-light-bg\"}}}},\"className\":\"is-style-primary\",\"fontSize\":\"medium\"} --><\/p>\n<div class=\"wp-block-button has-custom-font-size is-style-primary has-medium-font-size\"><a class=\"wp-block-button__link has-nv-light-bg-color has-neve-link-color-background-color has-text-color has-background has-link-color has-text-align-center wp-element-button\" href=\"https:\/\/grupaprofizjo.pl\/?page_id=223\" target=\"_blank\" rel=\"noreferrer noopener\">Oto kilka proponowanych terapii, kt\u00f3re oferuj\u0105 nasi specjali\u015bci<\/a><\/div>\n<p><!-- \/wp:button --><\/p>\n<\/div>\n<p><!-- \/wp:buttons --><!-- wp:spacer --><\/p>\n<div class=\"wp-block-spacer\" style=\"height: 100px;\" aria-hidden=\"true\">\u00a0<\/div>\n<p><!-- \/wp:spacer --><\/p>\n<\/div>\n<p><!-- \/wp:group --><!-- wp:group {\"align\":\"full\",\"style\":{\"color\":{\"background\":\"#f9f9f9\"}},\"layout\":{\"type\":\"constrained\"}} --><\/p>\n<div class=\"wp-block-group alignfull has-background\" style=\"background-color: #f9f9f9;\">\n<p><!-- wp:spacer --><\/p>\n<div class=\"wp-block-spacer\" style=\"height: 100px;\" aria-hidden=\"true\">\u00a0<\/div>\n<p><!-- \/wp:spacer --><!-- wp:quote --><\/p>\n<blockquote class=\"wp-block-quote\">\n<p><!-- wp:paragraph {\"align\":\"center\",\"style\":{\"elements\":{\"link\":{\"color\":{\"text\":\"var:preset|color|nv-site-bg\"}}}},\"textColor\":\"nv-site-bg\",\"fontSize\":\"large\"} --><\/p>\n<p class=\"has-text-align-center has-nv-site-bg-color has-text-color has-link-color has-large-font-size\"><em>&#8222;Nie ma takiego b\u00f3lu pacjenta kt\u00f3rego terapeuta by nie zni\u00f3s\u0142&#8221;<\/em> ~<a href=\"https:\/\/grupaprofizjo.pl\/?page_id=88\">Micha\u0142 Urban<\/a><\/p>\n<p><!-- \/wp:paragraph --><\/p>\n<\/blockquote>\n<p><!-- \/wp:quote --><!-- wp:buttons {\"layout\":{\"type\":\"flex\",\"justifyContent\":\"center\",\"verticalAlignment\":\"top\"}} --><\/p>\n<div class=\"wp-block-buttons\">\n<p><!-- wp:button {\"textAlign\":\"center\",\"width\":75,\"style\":{\"border\":{\"radius\":\"100px\"},\"color\":{\"background\":\"#110e0e\"}},\"className\":\"is-style-primary\",\"fontSize\":\"medium\"} --><\/p>\n<div class=\"wp-block-button has-custom-width wp-block-button__width-75 has-custom-font-size is-style-primary has-medium-font-size\"><a class=\"wp-block-button__link has-background has-text-align-center wp-element-button\" style=\"border-radius: 100px; background-color: #110e0e;\" href=\"https:\/\/grupaprofizjo.pl\/?page_id=112\" target=\"_blank\" rel=\"noreferrer noopener\">skontaktuj si\u0119 z nami!<\/a><\/div>\n<p><!-- \/wp:button --><\/p>\n<\/div>\n<p><!-- \/wp:buttons --><!-- wp:spacer --><\/p>\n<div class=\"wp-block-spacer\" style=\"height: 100px;\" aria-hidden=\"true\">\u00a0<\/div>\n<p><!-- \/wp:spacer --><\/p>\n<\/div>\n<p><!-- \/wp:group --><\/p>\t\t\t\t\t\t\t\t<\/div>\n\t\t\t\t<\/div>\n\t\t\t\t<\/div>\n\t\t\t\t<\/div>\n\t\t","protected":false},"excerpt":{"rendered":"<p>Fizjoterapia to sztuka piel\u0119gnowania r\u00f3wnowagi pomi\u0119dzy cia\u0142em, umys\u0142em i duchem. Grupa Profizjo sk\u0142ada si\u0119 z niezale\u017cnych, do\u015bwiadczonych fizjoterapeut\u00f3w, kt\u00f3rzy w swoich praktykach wykorzystuj\u0105 najnowsze metody i techniki terapeutyczne. Nasze podej\u015bcie do fizjoterapii jest holistyczne, czyli skupia si\u0119 na ca\u0142o\u015bciowym podej\u015bciu do pacjenta, uwzgl\u0119dniaj\u0105c jego fizyczne, emocjonalne i duchowe potrzeby. Zesp\u00f3\u0142 specjalist\u00f3w oferuje szeroki zakres us\u0142ug, [&hellip;]<\/p>\n","protected":false},"author":2,"featured_media":0,"parent":0,"menu_order":0,"comment_status":"closed","ping_status":"closed","template":"","meta":{"saved_in_kubio":true,"_monsterinsights_skip_tracking":false,"_monsterinsights_sitenote_active":false,"_monsterinsights_sitenote_note":"","_monsterinsights_sitenote_category":0,"footnotes":""},"class_list":["post-188","page","type-page","status-publish","hentry"],"kubio_ai_page_context":{"short_desc":"","purpose":"general"},"_links":{"self":[{"href":"https:\/\/grupaprofizjo.pl\/index.php?rest_route=\/wp\/v2\/pages\/188","targetHints":{"allow":["GET"]}}],"collection":[{"href":"https:\/\/grupaprofizjo.pl\/index.php?rest_route=\/wp\/v2\/pages"}],"about":[{"href":"https:\/\/grupaprofizjo.pl\/index.php?rest_route=\/wp\/v2\/types\/page"}],"author":[{"embeddable":true,"href":"https:\/\/grupaprofizjo.pl\/index.php?rest_route=\/wp\/v2\/users\/2"}],"replies":[{"embeddable":true,"href":"https:\/\/grupaprofizjo.pl\/index.php?rest_route=%2Fwp%2Fv2%2Fcomments&post=188"}],"version-history":[{"count":76,"href":"https:\/\/grupaprofizjo.pl\/index.php?rest_route=\/wp\/v2\/pages\/188\/revisions"}],"predecessor-version":[{"id":578,"href":"https:\/\/grupaprofizjo.pl\/index.php?rest_route=\/wp\/v2\/pages\/188\/revisions\/578"}],"wp:attachment":[{"href":"https:\/\/grupaprofizjo.pl\/index.php?rest_route=%2Fwp%2Fv2%2Fmedia&parent=188"}],"curies":[{"name":"wp","href":"https:\/\/api.w.org\/{rel}","templated":true}]}}