{"id":128,"date":"2024-01-25T17:44:00","date_gmt":"2024-01-25T17:44:00","guid":{"rendered":"https:\/\/grupaprofizjo.pl\/?page_id=128"},"modified":"2024-08-07T10:51:27","modified_gmt":"2024-08-07T10:51:27","slug":"wydarzenia","status":"publish","type":"page","link":"https:\/\/grupaprofizjo.pl\/?page_id=128","title":{"rendered":"Wydarzenia"},"content":{"rendered":"\n<h2 class=\"wp-block-heading has-neve-link-color-color has-text-color has-link-color wp-elements-b57b34ca0f252b7274c689fbe6bb50bc\">Warsztaty Ustawie\u0144 Rodzinnych Metod\u0105 Berta Hellingera <\/h2>\n\n\n\n<p>Warsztaty s\u0105 prowadzone po kierunkiem do\u015bwiadczonej prowadz\u0105cej, Ludmi\u0142y Mik\u0142aszewicz. Masz okazj\u0119 odkry\u0107 ukryte dynamiki w twoim systemie rodzinnym kt\u00f3re mog\u0105 wp\u0142ywa\u0107 na r\u00f3\u017cne aspekty Twojego \u017cycia &#8211; od relacji po karier\u0119 i zdrowie. <\/p>\n\n\n\n<p>Zapisy pod numerem tel: 732 832 107<\/p>\n\n\n<div class=\"wp-block-image\">\n<figure class=\"aligncenter size-large\"><img fetchpriority=\"high\" decoding=\"async\" width=\"724\" height=\"1024\" src=\"https:\/\/grupaprofizjo.pl\/wp-content\/uploads\/2024\/08\/Musztardowo-bialy-Kola-Muzyka-Festiwal-Plakat.png-724x1024.jpeg\" alt=\"\" class=\"wp-image-435\" srcset=\"https:\/\/grupaprofizjo.pl\/wp-content\/uploads\/2024\/08\/Musztardowo-bialy-Kola-Muzyka-Festiwal-Plakat.png-724x1024.jpeg 724w, https:\/\/grupaprofizjo.pl\/wp-content\/uploads\/2024\/08\/Musztardowo-bialy-Kola-Muzyka-Festiwal-Plakat.png-212x300.jpeg 212w, https:\/\/grupaprofizjo.pl\/wp-content\/uploads\/2024\/08\/Musztardowo-bialy-Kola-Muzyka-Festiwal-Plakat.png-768x1086.jpeg 768w, https:\/\/grupaprofizjo.pl\/wp-content\/uploads\/2024\/08\/Musztardowo-bialy-Kola-Muzyka-Festiwal-Plakat.png-1086x1536.jpeg 1086w, https:\/\/grupaprofizjo.pl\/wp-content\/uploads\/2024\/08\/Musztardowo-bialy-Kola-Muzyka-Festiwal-Plakat.png-1448x2048.jpeg 1448w, https:\/\/grupaprofizjo.pl\/wp-content\/uploads\/2024\/08\/Musztardowo-bialy-Kola-Muzyka-Festiwal-Plakat.png.jpeg 1587w\" sizes=\"(max-width: 724px) 100vw, 724px\" \/><\/figure>\n<\/div>","protected":false},"excerpt":{"rendered":"<p>Warsztaty Ustawie\u0144 Rodzinnych Metod\u0105 Berta Hellingera Warsztaty s\u0105 prowadzone po kierunkiem do\u015bwiadczonej prowadz\u0105cej, Ludmi\u0142y Mik\u0142aszewicz. Masz okazj\u0119 odkry\u0107 ukryte dynamiki w twoim systemie rodzinnym kt\u00f3re mog\u0105 wp\u0142ywa\u0107 na r\u00f3\u017cne aspekty Twojego \u017cycia &#8211; od relacji po karier\u0119 i zdrowie. Zapisy pod numerem tel: 732 832 107<\/p>\n","protected":false},"author":2,"featured_media":0,"parent":0,"menu_order":0,"comment_status":"closed","ping_status":"closed","template":"","meta":{"saved_in_kubio":false,"_monsterinsights_skip_tracking":false,"_monsterinsights_sitenote_active":false,"_monsterinsights_sitenote_note":"","_monsterinsights_sitenote_category":0,"footnotes":""},"class_list":["post-128","page","type-page","status-publish","hentry"],"kubio_ai_page_context":{"short_desc":"","purpose":"general"},"_links":{"self":[{"href":"https:\/\/grupaprofizjo.pl\/index.php?rest_route=\/wp\/v2\/pages\/128","targetHints":{"allow":["GET"]}}],"collection":[{"href":"https:\/\/grupaprofizjo.pl\/index.php?rest_route=\/wp\/v2\/pages"}],"about":[{"href":"https:\/\/grupaprofizjo.pl\/index.php?rest_route=\/wp\/v2\/types\/page"}],"author":[{"embeddable":true,"href":"https:\/\/grupaprofizjo.pl\/index.php?rest_route=\/wp\/v2\/users\/2"}],"replies":[{"embeddable":true,"href":"https:\/\/grupaprofizjo.pl\/index.php?rest_route=%2Fwp%2Fv2%2Fcomments&post=128"}],"version-history":[{"count":4,"href":"https:\/\/grupaprofizjo.pl\/index.php?rest_route=\/wp\/v2\/pages\/128\/revisions"}],"predecessor-version":[{"id":437,"href":"https:\/\/grupaprofizjo.pl\/index.php?rest_route=\/wp\/v2\/pages\/128\/revisions\/437"}],"wp:attachment":[{"href":"https:\/\/grupaprofizjo.pl\/index.php?rest_route=%2Fwp%2Fv2%2Fmedia&parent=128"}],"curies":[{"name":"wp","href":"https:\/\/api.w.org\/{rel}","templated":true}]}}