{"id":118,"date":"2024-01-25T17:12:32","date_gmt":"2024-01-25T17:12:32","guid":{"rendered":"https:\/\/grupaprofizjo.pl\/?page_id=118"},"modified":"2024-02-07T20:26:57","modified_gmt":"2024-02-07T20:26:57","slug":"faq","status":"publish","type":"page","link":"https:\/\/grupaprofizjo.pl\/?page_id=118","title":{"rendered":"FAQ"},"content":{"rendered":"\n<h3 class=\"wp-block-heading\">Oto kilka wa\u017cnych informacji z Centrum Profizjo,  kt\u00f3re warto uwzgl\u0119dni\u0107 przed wizyt\u0105:<\/h3>\n\n\n\n<p>Grupa Profizjo posiada nowoczesny system rejestracji wizyt online, kt\u00f3rego celem jest usprawnienie procesu umawiania na wizyty.<\/p>\n\n\n\n<p>Po um\u00f3wieniu wizyty za po\u015brednictwem systemu zarejestrowani.pl ka\u017cdy z Pa\u0144stwa otrzyma automatyczny SMS potwierdzaj\u0105cy rezerwacj\u0119. Dodatkowo, w dniu poprzedzaj\u0105cym planowan\u0105 wizyt\u0119, otrzymacie Pa\u0144stwo drugi SMS potwierdzaj\u0105cy, zawieraj\u0105cy link do potwierdzenia lub odwo\u0142ania wizyty.<\/p>\n\n\n\n<p>Chcieliby\u015bmy zwr\u00f3ci\u0107 uwag\u0119 na wa\u017cn\u0105 kwesti\u0119: prosimy o nieodpisywanie na wiadomo\u015bci generowane przez nasz system. Wszelkie informacje dotycz\u0105ce potwierdzania b\u0105d\u017a odwo\u0142ywania wizyt prosimy przekazywa\u0107 za pomoc\u0105 przekazanego linku w SMS-ie.<\/p>\n\n\n\n<p>Pami\u0119tajcie, \u017ce nieodwo\u0142ana wizyta traktowana jest jako potwierdzona. W zwi\u0105zku z tym, za nieobecno\u015b\u0107 na um\u00f3wionej wizycie obowi\u0105zuje uregulowanie p\u0142atno\u015bci zgodnie z ustalonymi stawkami.<\/p>\n\n\n\n<p>Mamy nadziej\u0119,  \u017ce system rejestracji przyczyni si\u0119 do zwi\u0119kszenia wygody i efektywno\u015bci w procesie planowania wizyt.<br><br>Jak nale\u017cy przygotowa\u0107 si\u0119 do spotkania z fizjoterapeut\u0105?<\/p>\n\n\n\n<p>A &#8211; Przynie\u015b\u0107 aktualn\u0105 dokumentacj\u0119 medyczn\u0105: Warto przynie\u015b\u0107 ze sob\u0105 dokumenty medyczne.&nbsp;<\/p>\n\n\n\n<p>B &#8211; Przygotowa\u0107 si\u0119 psychicznie na wizyt\u0119, staraj\u0105c si\u0119 pozosta\u0107 spokojnym i skoncentrowanym. Warto przed wizyt\u0105 przemy\u015ble\u0107 swoje oczekiwania i cele terapeutyczne, aby m\u00f3c skutecznie wsp\u00f3\u0142pracowa\u0107 z fizjoterapeut\u0105.<\/p>\n\n\n\n<p>C &#8211; Przynie\u015b\u0107 wygodne ubranie: Warto ubra\u0107 si\u0119 w wygodne ubranie, kt\u00f3re umo\u017cliwi swobodne wykonywanie \u0107wicze\u0144. Je\u015bli fizjoterapeuta b\u0119dzie potrzebowa\u0142 dost\u0119pu do jakiej\u015b cz\u0119\u015bci cia\u0142a, mozna za\u0142o\u017cy\u0107 ubranie, kt\u00f3re umo\u017cliwi \u0142atwe ods\u0142oni\u0119cie tej cz\u0119\u015bci cia\u0142a.<\/p>\n\n\n\n<p>D &#8211; Zrobi\u0107 list\u0119 pyta\u0144 i w\u0105tpliwo\u015bci: Pacjent powinien przygotowa\u0107 list\u0119 pyta\u0144 i w\u0105tpliwo\u015bci, kt\u00f3re chce poruszy\u0107 podczas wizyty u fizjoterapeuty. W ten spos\u00f3b uniknie p\u00f3\u017aniejszych nieporozumie\u0144 i zapewni sobie pe\u0142ne zrozumienie post\u0119powania i zalece\u0144 fizjoterapeuty.<\/p>\n\n\n\n<p>E &#8211; Przestrzegaj standard\u00f3w higieny osobistej &#8211; w celu ochrony przed potencjalnymi infekcjami, prosimy o przestrzeganie standard\u00f3w higieny osobistej, w tym mycie r\u0105k przed wizyt\u0105 oraz zakrywanie ust i nosa w przypadku kaszlu lub kichania.<\/p>\n\n\n\n<p>F &#8211;&nbsp;&nbsp;Przyjd\u017a na czas &#8211; w celu zapewnienia pe\u0142nej i skutecznej terapii, prosimy o przyj\u015bcie na czas. W przypadku op\u00f3\u017anienia, czas wizyty mo\u017ce ulec skr\u00f3ceniu.<\/p>\n\n\n\n<p>G &#8211; P\u0142atno\u015b\u0107 got\u00f3wk\u0105 lub przez BLIK na numer telefonu &#8211; w celu dokonania p\u0142atno\u015bci za wizyt\u0119 u fizjoterapeuty, oferujemy dwa sposoby: got\u00f3wkowy lub przez BLIK na numer telefonu, kt\u00f3ry zostanie podany podczas wizyty.<\/p>\n\n\n\n<p>\ud83d\udfe3&nbsp;Mamy nadziej\u0119, \u017ce powy\u017csze informacje pomog\u0105 Ci przygotowa\u0107 si\u0119 do wizyty u fizjoterapeuty w Centrum Holistycznej Fizjoterapii i Osteopatii. Je\u015bli masz jakie\u015b pytania lub w\u0105tpliwo\u015bci, zach\u0119camy do kontaktu z nami!&nbsp;\ud83d\udfe3<\/p>\n","protected":false},"excerpt":{"rendered":"<p>Oto kilka wa\u017cnych informacji z Centrum Profizjo, kt\u00f3re warto uwzgl\u0119dni\u0107 przed wizyt\u0105: Grupa Profizjo posiada nowoczesny system rejestracji wizyt online, kt\u00f3rego celem jest usprawnienie procesu umawiania na wizyty. Po um\u00f3wieniu wizyty za po\u015brednictwem systemu zarejestrowani.pl ka\u017cdy z Pa\u0144stwa otrzyma automatyczny SMS potwierdzaj\u0105cy rezerwacj\u0119. Dodatkowo, w dniu poprzedzaj\u0105cym planowan\u0105 wizyt\u0119, otrzymacie Pa\u0144stwo drugi SMS potwierdzaj\u0105cy, zawieraj\u0105cy [&hellip;]<\/p>\n","protected":false},"author":2,"featured_media":0,"parent":0,"menu_order":0,"comment_status":"closed","ping_status":"closed","template":"","meta":{"saved_in_kubio":false,"_monsterinsights_skip_tracking":false,"_monsterinsights_sitenote_active":false,"_monsterinsights_sitenote_note":"","_monsterinsights_sitenote_category":0,"footnotes":""},"class_list":["post-118","page","type-page","status-publish","hentry"],"kubio_ai_page_context":{"short_desc":"","purpose":"general"},"_links":{"self":[{"href":"https:\/\/grupaprofizjo.pl\/index.php?rest_route=\/wp\/v2\/pages\/118","targetHints":{"allow":["GET"]}}],"collection":[{"href":"https:\/\/grupaprofizjo.pl\/index.php?rest_route=\/wp\/v2\/pages"}],"about":[{"href":"https:\/\/grupaprofizjo.pl\/index.php?rest_route=\/wp\/v2\/types\/page"}],"author":[{"embeddable":true,"href":"https:\/\/grupaprofizjo.pl\/index.php?rest_route=\/wp\/v2\/users\/2"}],"replies":[{"embeddable":true,"href":"https:\/\/grupaprofizjo.pl\/index.php?rest_route=%2Fwp%2Fv2%2Fcomments&post=118"}],"version-history":[{"count":3,"href":"https:\/\/grupaprofizjo.pl\/index.php?rest_route=\/wp\/v2\/pages\/118\/revisions"}],"predecessor-version":[{"id":217,"href":"https:\/\/grupaprofizjo.pl\/index.php?rest_route=\/wp\/v2\/pages\/118\/revisions\/217"}],"wp:attachment":[{"href":"https:\/\/grupaprofizjo.pl\/index.php?rest_route=%2Fwp%2Fv2%2Fmedia&parent=118"}],"curies":[{"name":"wp","href":"https:\/\/api.w.org\/{rel}","templated":true}]}}