{"id":107,"date":"2024-01-25T16:31:59","date_gmt":"2024-01-25T16:31:59","guid":{"rendered":"https:\/\/grupaprofizjo.pl\/?page_id=107"},"modified":"2026-02-24T09:37:19","modified_gmt":"2026-02-24T09:37:19","slug":"cennik","status":"publish","type":"page","link":"https:\/\/grupaprofizjo.pl\/?page_id=107","title":{"rendered":"Cennik"},"content":{"rendered":"\t\t<div data-elementor-type=\"wp-page\" data-elementor-id=\"107\" class=\"elementor elementor-107\">\n\t\t\t\t<div class=\"elementor-element elementor-element-48f9663 e-flex e-con-boxed e-con e-parent\" data-id=\"48f9663\" data-element_type=\"container\">\n\t\t\t\t\t<div class=\"e-con-inner\">\n\t\t\t\t<div class=\"elementor-element elementor-element-3c79dc8d elementor-widget elementor-widget-text-editor\" data-id=\"3c79dc8d\" data-element_type=\"widget\" data-widget_type=\"text-editor.default\">\n\t\t\t\t<div class=\"elementor-widget-container\">\n\t\t\t\t\t\t\t\t\t\n<p class=\"has-text-align-center has-large-font-size\"><strong>Cena Wizyt<\/strong><\/p>\n\n<figure class=\"wp-block-table\">\n<table class=\"has-contrast-color has-text-color has-link-color\">\n<tbody>\n<tr>\n<td><strong>Micha\u0142 Urban<\/strong><br \/><em>Integracja strukturalna <\/em><\/td>\n<td class=\"has-text-align-right\" data-align=\"right\">300z\u0142<br \/><em>100 min\/600z\u0142<\/em><\/td>\n<\/tr>\n<tr>\n<td><strong>Oliwia Koszela<\/strong><em><br \/>Akupunktura kosmetyczna<\/em><\/td>\n<td class=\"has-text-align-right\" data-align=\"right\">200z\u0142<br \/>400z\u0142\/120min<\/td>\n<\/tr>\n<tr>\n<td><strong>Filip Rewucki<\/strong><br \/><em>Zoga Therapy<br \/><mark class=\"has-inline-color has-contrast-2-color\" style=\"background-color: rgba(0, 0, 0, 0);\">ZgaZhe<\/mark><\/em><\/td>\n<td class=\"has-text-align-right\" data-align=\"right\">200z\u0142<br \/><em>90min\/270z\u0142 <\/em><br \/><em><mark class=\"has-inline-color has-contrast-2-color\" style=\"background-color: rgba(0, 0, 0, 0);\">100 min\/300z\u0142<\/mark><\/em><\/td>\n<\/tr>\n<tr>\n<td><strong>Wiktoria Grzelak<\/strong><br \/><em>Wizyta uroginekologiczna<\/em><\/td>\n<td class=\"has-text-align-right\" data-align=\"right\">200z\u0142<br \/>200z\u0142<\/td>\n<\/tr>\n<tr>\n<td><strong>Marek Rewucki<\/strong><br \/><em><mark class=\"has-inline-color has-contrast-2-color\" style=\"background-color: rgba(0, 0, 0, 0);\">Hipnoterapia<\/mark><\/em><\/td>\n<td class=\"has-text-align-right\" data-align=\"right\">200z\u0142<br \/><em><mark class=\"has-inline-color has-contrast-2-color\" style=\"background-color: rgba(0, 0, 0, 0);\">200z\u0142<\/mark><\/em><\/td>\n<\/tr>\n<\/tbody>\n<\/table>\n<\/figure>\n\n<p class=\"has-text-align-center has-medium-font-size\">Czym s\u0105 podane terapi\u0119? <a href=\"https:\/\/grupaprofizjo.pl\/?page_id=223\" data-type=\"link\" data-id=\"https:\/\/grupaprofizjo.pl\/?page_id=223\">Sprawd\u017a tutaj!<\/a><\/p>\n\n<p class=\"has-text-align-center has-large-font-size\"><strong>Us\u0142ugi Dodatkowe<\/strong><\/p>\n\n<figure class=\"wp-block-table\">\n<table>\n<tbody>\n<tr>\n<td>Hirudoterapia<\/td>\n<td class=\"has-text-align-right\" data-align=\"right\">170z\u0142<\/td>\n<\/tr>\n<tr>\n<td>Normobaria<\/td>\n<td class=\"has-text-align-right\" data-align=\"right\">90min\/100z\u0142<br \/>10 wej\u015b\u0107 900z\u0142<\/td>\n<\/tr>\n<tr>\n<td>Terapia Wodorem (Inhalacja)<\/td>\n<td class=\"has-text-align-right\" data-align=\"right\">60min\/70z\u0142<br \/>5 wej\u015b\u0107 275z\u0142<\/td>\n<\/tr>\n<tr>\n<td>Analiza pierwiastkowa w\u0142osa<\/td>\n<td class=\"has-text-align-right\" data-align=\"right\">450z\u0142<\/td>\n<\/tr>\n<tr>\n<td>Diagnostyka postawy cia\u0142a dzieci i m\u0142odzie\u017cy <br \/>Kryszta\u0142owe Dziecko<\/td>\n<td class=\"has-text-align-right\" data-align=\"right\">150z\u0142<\/td>\n<\/tr>\n<tr>\n<td>Akupunktura<\/td>\n<td class=\"has-text-align-right\" data-align=\"right\">170z\u0142<\/td>\n<\/tr>\n<tr>\n<td>Biorezonans<\/td>\n<td class=\"has-text-align-right\" data-align=\"right\">270z\u0142<\/td>\n<\/tr>\n<\/tbody>\n<\/table>\n<figcaption class=\"wp-element-caption\"><br \/><br \/><\/figcaption>\n<\/figure>\n\t\t\t\t\t\t\t\t<\/div>\n\t\t\t\t<\/div>\n\t\t\t\t\t<\/div>\n\t\t\t\t<\/div>\n\t\t\t\t<\/div>\n\t\t","protected":false},"excerpt":{"rendered":"<p>Cena Wizyt Micha\u0142 UrbanIntegracja strukturalna 300z\u0142100 min\/600z\u0142 Oliwia KoszelaAkupunktura kosmetyczna 200z\u0142400z\u0142\/120min Filip RewuckiZoga TherapyZgaZhe 200z\u014290min\/270z\u0142 100 min\/300z\u0142 Wiktoria GrzelakWizyta uroginekologiczna 200z\u0142200z\u0142 Marek RewuckiHipnoterapia 200z\u0142200z\u0142 Czym s\u0105 podane terapi\u0119? Sprawd\u017a tutaj! Us\u0142ugi Dodatkowe Hirudoterapia 170z\u0142 Normobaria 90min\/100z\u014210 wej\u015b\u0107 900z\u0142 Terapia Wodorem (Inhalacja) 60min\/70z\u01425 wej\u015b\u0107 275z\u0142 Analiza pierwiastkowa w\u0142osa 450z\u0142 Diagnostyka postawy cia\u0142a dzieci i m\u0142odzie\u017cy Kryszta\u0142owe [&hellip;]<\/p>\n","protected":false},"author":2,"featured_media":0,"parent":0,"menu_order":0,"comment_status":"closed","ping_status":"closed","template":"","meta":{"saved_in_kubio":false,"_monsterinsights_skip_tracking":false,"_monsterinsights_sitenote_active":false,"_monsterinsights_sitenote_note":"","_monsterinsights_sitenote_category":0,"footnotes":""},"class_list":["post-107","page","type-page","status-publish","hentry"],"kubio_ai_page_context":{"short_desc":"","purpose":"general"},"_links":{"self":[{"href":"https:\/\/grupaprofizjo.pl\/index.php?rest_route=\/wp\/v2\/pages\/107","targetHints":{"allow":["GET"]}}],"collection":[{"href":"https:\/\/grupaprofizjo.pl\/index.php?rest_route=\/wp\/v2\/pages"}],"about":[{"href":"https:\/\/grupaprofizjo.pl\/index.php?rest_route=\/wp\/v2\/types\/page"}],"author":[{"embeddable":true,"href":"https:\/\/grupaprofizjo.pl\/index.php?rest_route=\/wp\/v2\/users\/2"}],"replies":[{"embeddable":true,"href":"https:\/\/grupaprofizjo.pl\/index.php?rest_route=%2Fwp%2Fv2%2Fcomments&post=107"}],"version-history":[{"count":26,"href":"https:\/\/grupaprofizjo.pl\/index.php?rest_route=\/wp\/v2\/pages\/107\/revisions"}],"predecessor-version":[{"id":585,"href":"https:\/\/grupaprofizjo.pl\/index.php?rest_route=\/wp\/v2\/pages\/107\/revisions\/585"}],"wp:attachment":[{"href":"https:\/\/grupaprofizjo.pl\/index.php?rest_route=%2Fwp%2Fv2%2Fmedia&parent=107"}],"curies":[{"name":"wp","href":"https:\/\/api.w.org\/{rel}","templated":true}]}}